{"id":13,"date":"2014-06-01T12:00:34","date_gmt":"2014-06-01T10:00:34","guid":{"rendered":"http:\/\/www.dojo-anshin-arts-martiaux.org\/wordpress\/?page_id=13"},"modified":"2025-07-04T18:53:01","modified_gmt":"2025-07-04T16:53:01","slug":"cours-tarifs","status":"publish","type":"page","link":"http:\/\/www.dojo-anshin-arts-martiaux.org\/wordpress\/cours-tarifs\/","title":{"rendered":"Horaires, Cours &#038; Tarifs"},"content":{"rendered":"<h6 align=\"center\"><a href=\"#cours\">Cours<\/a>&nbsp;&nbsp;&nbsp;&nbsp;&nbsp;<a href=\"#tarifs\">Tarifs<\/a><\/h6>\n<h2>Cat\u00e9gories<\/h2>\n<table border=\"0\" cellspacing=\"5\" cellpadding=\"5\" align=\"center\">\n<tbody>\n<tr>\n<td class=\"row1\" align=\"right\"><strong>Eveils<\/strong><\/td>\n<td class=\"row1\" align=\"left\">4-5 ans<\/td>\n<td class=\"row1\" align=\"left\">&nbsp;<\/td>\n<\/tr>\n<tr>\n<td class=\"row2\" align=\"right\"><strong>Mini-poussin(e)s<\/strong><\/td>\n<td class=\"row2\" align=\"left\">6-7 ans<\/td>\n<td class=\"row2\" align=\"left\">&nbsp;<\/td>\n<\/tr>\n<tr>\n<td class=\"row1\" align=\"right\"><strong>Poussin(e)s<\/strong><\/td>\n<td class=\"row1\" align=\"left\">8-9 ans<\/td>\n<td class=\"row1\" align=\"left\">&nbsp;<\/td>\n<\/tr>\n<tr>\n<td class=\"row2\" align=\"right\"><strong>Benjamin(e)s<\/strong><\/td>\n<td class=\"row2\" align=\"left\">10-11 ans<\/td>\n<td class=\"row2\" align=\"left\">&nbsp;<\/td>\n<\/tr>\n<tr>\n<td class=\"row1\" align=\"right\"><strong>Minimes<\/strong><\/td>\n<td class=\"row1\" align=\"left\">12-13 ans<\/td>\n<td class=\"row1\" align=\"left\">&nbsp;<\/td>\n<\/tr>\n<tr>\n<td class=\"row2\" align=\"right\"><strong>Minimes 2<\/strong><\/td>\n<td class=\"row2\" align=\"left\">13 ans<\/td>\n<td class=\"row2\" align=\"left\">&nbsp;<\/td>\n<\/tr>\n<tr>\n<td class=\"row1\" align=\"right\"><strong>Cadet(te)s<\/strong><\/td>\n<td class=\"row1\" align=\"left\">14-15-16 ans<\/td>\n<td class=\"row1\" align=\"left\">&nbsp;<\/td>\n<\/tr>\n<tr>\n<td class=\"row2\" align=\"right\">&nbsp;<\/td>\n<td class=\"row2\" align=\"left\">&nbsp;<\/td>\n<td class=\"row2\" align=\"left\">&nbsp;<\/td>\n<\/tr>\n<\/tbody>\n<\/table>\n<p><strong><img loading=\"lazy\" decoding=\"async\" class=\"wp-image-2985 aligncenter\" src=\"http:\/\/www.dojo-anshin-arts-martiaux.org\/wordpress\/wp-content\/uploads\/2020\/08\/IMG_9290.jpg\" alt=\"\" width=\"395\" height=\"546\" srcset=\"http:\/\/www.dojo-anshin-arts-martiaux.org\/wordpress\/wp-content\/uploads\/2020\/08\/IMG_9290.jpg 926w, http:\/\/www.dojo-anshin-arts-martiaux.org\/wordpress\/wp-content\/uploads\/2020\/08\/IMG_9290-217x300.jpg 217w, http:\/\/www.dojo-anshin-arts-martiaux.org\/wordpress\/wp-content\/uploads\/2020\/08\/IMG_9290-741x1024.jpg 741w, http:\/\/www.dojo-anshin-arts-martiaux.org\/wordpress\/wp-content\/uploads\/2020\/08\/IMG_9290-768x1062.jpg 768w, http:\/\/www.dojo-anshin-arts-martiaux.org\/wordpress\/wp-content\/uploads\/2020\/08\/IMG_9290-676x934.jpg 676w\" sizes=\"auto, (max-width: 395px) 100vw, 395px\" \/><\/strong><\/p>\n<p>&nbsp;<\/p>\n<p>&nbsp;<\/p>\n<h1 style=\"text-align: center;\"><em><strong>PLANNING DES COURS<\/strong><\/em><\/h1>\n<p style=\"text-align: center;\"><img loading=\"lazy\" decoding=\"async\" class=\"alignnone size-full wp-image-3707\" src=\"http:\/\/www.dojo-anshin-arts-martiaux.org\/wordpress\/wp-content\/uploads\/2025\/07\/Capture-decran-2025-06-24-185527.png\" alt=\"\" width=\"1276\" height=\"827\" srcset=\"http:\/\/www.dojo-anshin-arts-martiaux.org\/wordpress\/wp-content\/uploads\/2025\/07\/Capture-decran-2025-06-24-185527.png 1276w, http:\/\/www.dojo-anshin-arts-martiaux.org\/wordpress\/wp-content\/uploads\/2025\/07\/Capture-decran-2025-06-24-185527-300x194.png 300w, http:\/\/www.dojo-anshin-arts-martiaux.org\/wordpress\/wp-content\/uploads\/2025\/07\/Capture-decran-2025-06-24-185527-1024x664.png 1024w, http:\/\/www.dojo-anshin-arts-martiaux.org\/wordpress\/wp-content\/uploads\/2025\/07\/Capture-decran-2025-06-24-185527-768x498.png 768w, http:\/\/www.dojo-anshin-arts-martiaux.org\/wordpress\/wp-content\/uploads\/2025\/07\/Capture-decran-2025-06-24-185527-676x438.png 676w\" sizes=\"auto, (max-width: 1276px) 100vw, 1276px\" \/><\/p>\n<p>&nbsp;<\/p>\n<p>&nbsp;<\/p>\n<p><!--more--><\/p>\n<p>&nbsp;<\/p>\n<h2 style=\"text-align: center;\"><em>Tarifs annuels 2025-2026<\/em><\/h2>\n<table style=\"height: 331px;\" border=\"0\" width=\"528\" cellspacing=\"5\" cellpadding=\"5\" align=\"center\">\n<tbody>\n<tr>\n<td class=\"row1\" align=\"right\"><strong>Adh\u00e9sion \u00e0 l&rsquo;association<\/strong><\/td>\n<td class=\"row1\" align=\"right\">11 \u20ac<\/td>\n<td>&nbsp;<\/td>\n<\/tr>\n<tr>\n<td class=\"row2\" align=\"right\"><strong>Licence<\/strong><\/td>\n<td class=\"row2\" align=\"right\">46 \u20ac<\/td>\n<td>assurance comprise<\/td>\n<\/tr>\n<tr>\n<td style=\"text-align: right;\"><strong>Baby judo<\/strong><\/td>\n<td>188\u20ac<\/td>\n<td>+ adh\u00e9sion et licence<\/td>\n<\/tr>\n<tr>\n<td class=\"row1\" align=\"right\"><strong>Enfants<\/strong><\/td>\n<td class=\"row1\" align=\"right\">214 \u20ac<\/td>\n<td class=\"row2\" rowspan=\"6\" align=\"right\" valign=\"center\">+ 57 \u20ac (adh\u00e9sion et licence)<\/td>\n<\/tr>\n<tr>\n<td class=\"row2\" align=\"right\"><strong>Adolescent (*)<\/strong><br>(\u00e0 partir de <strong>Cadets<\/strong>)<\/td>\n<td class=\"row2\" align=\"right\">302 \u20ac<\/td>\n<\/tr>\n<tr>\n<td class=\"row1\" align=\"right\"><strong>Adultes<\/strong><\/td>\n<td class=\"row1\" align=\"right\">329 \u20ac<\/td>\n<\/tr>\n<tr>\n<td class=\"row2\" align=\"right\"><strong>Forfait ceinture noire<\/strong><\/td>\n<td class=\"row2\" align=\"right\">276 \u20ac<\/td>\n<\/tr>\n<tr>\n<td class=\"row1\" align=\"right\">&nbsp;<\/td>\n<td class=\"row1\" align=\"right\">&nbsp;<\/td>\n<\/tr>\n<\/tbody>\n<\/table>\n<p align=\"center\">Tarif valable <b>pour 1 ou plusieurs cours<\/b> par semaine<\/p>\n<p align=\"center\">2 cours = \u00e0 partir de poussins<\/p>\n<p align=\"center\">Ados \/ adultes : possibilit\u00e9 de venir \u00e0 tous les cours du soir<\/p>\n<p align=\"left\">R\u00e9ductions pour une m\u00eame famille sur uniquement le tarif du cours de Judo ou de Jujitsu, de la cotisation la plus ch\u00e8re \u00e0 la cotisation la moins ch\u00e8re:<\/p>\n<ul>\n<li>-25\u20ac pour les familles avec 2 inscriptions<\/li>\n<li>&#8211; 75\u20acpour les familles avec 3 inscriptions<\/li>\n<li>-125\u20ac pour les familles avec 4 inscriptions<\/li>\n<\/ul>\n<p align=\"left\">Ch\u00e8ques vacances, ch\u00e8ques loisirs et ch\u00e8ques sport accept\u00e9s.<\/p>\n<p align=\"left\">Pour les r\u00e9ductions PASS&rsquo;SPORT : merci de nous communiquer le code re\u00e7u <em><strong>par mail<\/strong><\/em> pour pouvoir b\u00e9n\u00e9ficier de la r\u00e9duction<\/p>\n<p align=\"left\">(*) Carte Pass R\u00e9gion accept\u00e9e.- nous fournir le num\u00e9ro de carte + le code secret<\/p>\n\n\n<p><\/p>\n","protected":false},"excerpt":{"rendered":"<p>Cours&nbsp;&nbsp;&nbsp;&nbsp;&nbsp;Tarifs Cat\u00e9gories Eveils 4-5 ans &nbsp; Mini-poussin(e)s 6-7 ans &nbsp; Poussin(e)s 8-9 ans &nbsp; Benjamin(e)s 10-11 ans &nbsp; Minimes 12-13 ans &nbsp; Minimes 2 13 ans &nbsp; Cadet(te)s 14-15-16 ans &nbsp; &nbsp; &nbsp; &nbsp; &nbsp; &nbsp; PLANNING DES COURS &nbsp; &nbsp;<\/p>\n","protected":false},"author":3,"featured_media":0,"parent":0,"menu_order":20,"comment_status":"closed","ping_status":"closed","template":"","meta":{"ngg_post_thumbnail":0,"footnotes":""},"class_list":["post-13","page","type-page","status-publish","hentry"],"_links":{"self":[{"href":"http:\/\/www.dojo-anshin-arts-martiaux.org\/wordpress\/wp-json\/wp\/v2\/pages\/13","targetHints":{"allow":["GET"]}}],"collection":[{"href":"http:\/\/www.dojo-anshin-arts-martiaux.org\/wordpress\/wp-json\/wp\/v2\/pages"}],"about":[{"href":"http:\/\/www.dojo-anshin-arts-martiaux.org\/wordpress\/wp-json\/wp\/v2\/types\/page"}],"author":[{"embeddable":true,"href":"http:\/\/www.dojo-anshin-arts-martiaux.org\/wordpress\/wp-json\/wp\/v2\/users\/3"}],"replies":[{"embeddable":true,"href":"http:\/\/www.dojo-anshin-arts-martiaux.org\/wordpress\/wp-json\/wp\/v2\/comments?post=13"}],"version-history":[{"count":39,"href":"http:\/\/www.dojo-anshin-arts-martiaux.org\/wordpress\/wp-json\/wp\/v2\/pages\/13\/revisions"}],"predecessor-version":[{"id":3708,"href":"http:\/\/www.dojo-anshin-arts-martiaux.org\/wordpress\/wp-json\/wp\/v2\/pages\/13\/revisions\/3708"}],"wp:attachment":[{"href":"http:\/\/www.dojo-anshin-arts-martiaux.org\/wordpress\/wp-json\/wp\/v2\/media?parent=13"}],"curies":[{"name":"wp","href":"https:\/\/api.w.org\/{rel}","templated":true}]}}