{"id":2562,"date":"2018-08-09T16:07:36","date_gmt":"2018-08-09T14:07:36","guid":{"rendered":"http:\/\/www.dojo-anshin-arts-martiaux.org\/wordpress\/?page_id=2562"},"modified":"2021-11-08T16:25:38","modified_gmt":"2021-11-08T14:25:38","slug":"quest-ce-que-le-jujitsu","status":"publish","type":"page","link":"http:\/\/www.dojo-anshin-arts-martiaux.org\/wordpress\/quest-ce-que-le-jujitsu\/","title":{"rendered":"Qu&rsquo;est ce que le Jujitsu?"},"content":{"rendered":"<div id=\"attachment_2433\" style=\"width: 444px\" class=\"wp-caption alignright\"><img loading=\"lazy\" decoding=\"async\" aria-describedby=\"caption-attachment-2433\" class=\"wp-image-2433\" src=\"http:\/\/www.dojo-anshin-arts-martiaux.org\/wordpress\/wp-content\/uploads\/2018\/05\/DSC_0076-1024x683.jpg\" alt=\"Photo Jujitsu\" width=\"434\" height=\"289\" srcset=\"http:\/\/www.dojo-anshin-arts-martiaux.org\/wordpress\/wp-content\/uploads\/2018\/05\/DSC_0076-1024x683.jpg 1024w, http:\/\/www.dojo-anshin-arts-martiaux.org\/wordpress\/wp-content\/uploads\/2018\/05\/DSC_0076-300x200.jpg 300w, http:\/\/www.dojo-anshin-arts-martiaux.org\/wordpress\/wp-content\/uploads\/2018\/05\/DSC_0076-768x512.jpg 768w\" sizes=\"auto, (max-width: 434px) 100vw, 434px\" \/><p id=\"caption-attachment-2433\" class=\"wp-caption-text\">Quelques mouvements de Jujitsu<\/p><\/div>\n<p>Tout le monde connait le Judo. Ce sport est port\u00e9 au plus haut niveau par de grands champions populaires, comme Teddy Riner.<\/p>\n<p><strong>Mais le Jujitsu, lui, est moins connu.<\/strong><\/p>\n<p>C&rsquo;est pourtant une des disciplines enseign\u00e9es par la F\u00e9d\u00e9ration Fran\u00e7aise de Judo, Jujitsu et disciplines associ\u00e9es.<\/p>\n<p>Le Jujitsu est la discipline que les samoura\u00efs ont d\u00e9velopp\u00e9 au moyen-age (vers 1600) pour combattre \u00e0 mains nues. Ce n&rsquo;est que des si\u00e8cles plus tard qu&rsquo;est apparu \u00ab\u00a0l&rsquo;enfant\u00a0\u00bb du Jujitsu: le Judo (1882).<\/p>\n<p><em>Le Jujitsu est donc un art martial que l&rsquo;on peut r\u00e9sumer ainsi:<\/em><\/p>\n<p><strong>Jujitsu = Karat\u00e9 + Judo +&nbsp; A\u00efkido<\/strong><\/p>\n<ul>\n<li>Comme au Karat\u00e9, on frappe avec les pieds et les mains (pas de frappes r\u00e9elles, de simples touches sans danger).<\/li>\n<li>Comme au Judo, on projette, on fait des prises et on travaille au sol.<\/li>\n<li>Comme en A\u00efkido, on utilise une multitude de cl\u00e9s et de combinaisons de mouvements.<\/li>\n<\/ul>\n<p>C&rsquo;est donc une discipline extr\u00eamement compl\u00e8te et efficace, dans le respect des valeurs des arts martiaux.<\/p>\n<p>Le Dojo Anshin enseigne \u00e9videmment le Judo, mais \u00e9galement le Jujitsu.&nbsp;<\/p>\n<p>Pour qui? <a href=\"http:\/\/www.dojo-anshin-arts-martiaux.org\/wordpress\/cours-enfants-ados-adultes\/\" target=\"_blank\" rel=\"noopener noreferrer\">Enfants (d\u00e8s 6 ans),&nbsp; ados, adultes<\/a>. Quel que soit votre niveau, du d\u00e9butant \u00e0 l&rsquo;expert. Nous avons \u00e9galement un <a href=\"http:\/\/www.dojo-anshin-arts-martiaux.org\/wordpress\/pole-competition\/\" target=\"_blank\" rel=\"noopener noreferrer\">p\u00f4le comp\u00e9tition<\/a> pour nos athl\u00e8tes de haut niveau, dont plusieurs sont r\u00e9guli\u00e8rement appel\u00e9s en Equipe de France.<\/p>\n<h3 style=\"text-align: center;\"><strong>Venez profiter de votre cours d&rsquo;essai gratuit, nous sommes dans le 5\u00e8me arrondissement de Lyon. <\/strong><\/h3>\n<h3 style=\"text-align: center;\"><strong>Sourire et bonne humeur garantis!<\/strong><\/h3>\n<p>&nbsp;<\/p>\n<p>&nbsp;<\/p>\n","protected":false},"excerpt":{"rendered":"<p>Tout le monde connait le Judo. Ce sport est port\u00e9 au plus haut niveau par de grands champions populaires, comme Teddy Riner. Mais le Jujitsu, lui, est moins connu. C&rsquo;est pourtant une des disciplines enseign\u00e9es par la F\u00e9d\u00e9ration Fran\u00e7aise de Judo, Jujitsu et disciplines associ\u00e9es. Le Jujitsu est la discipline que les samoura\u00efs ont d\u00e9velopp\u00e9 [&hellip;]<\/p>\n","protected":false},"author":6,"featured_media":0,"parent":0,"menu_order":0,"comment_status":"closed","ping_status":"closed","template":"","meta":{"ngg_post_thumbnail":0,"footnotes":""},"class_list":["post-2562","page","type-page","status-publish","hentry"],"_links":{"self":[{"href":"http:\/\/www.dojo-anshin-arts-martiaux.org\/wordpress\/wp-json\/wp\/v2\/pages\/2562","targetHints":{"allow":["GET"]}}],"collection":[{"href":"http:\/\/www.dojo-anshin-arts-martiaux.org\/wordpress\/wp-json\/wp\/v2\/pages"}],"about":[{"href":"http:\/\/www.dojo-anshin-arts-martiaux.org\/wordpress\/wp-json\/wp\/v2\/types\/page"}],"author":[{"embeddable":true,"href":"http:\/\/www.dojo-anshin-arts-martiaux.org\/wordpress\/wp-json\/wp\/v2\/users\/6"}],"replies":[{"embeddable":true,"href":"http:\/\/www.dojo-anshin-arts-martiaux.org\/wordpress\/wp-json\/wp\/v2\/comments?post=2562"}],"version-history":[{"count":21,"href":"http:\/\/www.dojo-anshin-arts-martiaux.org\/wordpress\/wp-json\/wp\/v2\/pages\/2562\/revisions"}],"predecessor-version":[{"id":3284,"href":"http:\/\/www.dojo-anshin-arts-martiaux.org\/wordpress\/wp-json\/wp\/v2\/pages\/2562\/revisions\/3284"}],"wp:attachment":[{"href":"http:\/\/www.dojo-anshin-arts-martiaux.org\/wordpress\/wp-json\/wp\/v2\/media?parent=2562"}],"curies":[{"name":"wp","href":"https:\/\/api.w.org\/{rel}","templated":true}]}}