{"id":2574,"date":"2018-08-09T16:52:51","date_gmt":"2018-08-09T14:52:51","guid":{"rendered":"http:\/\/www.dojo-anshin-arts-martiaux.org\/wordpress\/?page_id=2574"},"modified":"2025-07-04T12:12:49","modified_gmt":"2025-07-04T10:12:49","slug":"sport-judo-autisme-lyon","status":"publish","type":"page","link":"http:\/\/www.dojo-anshin-arts-martiaux.org\/wordpress\/sport-judo-autisme-lyon\/","title":{"rendered":"JUDO ADAPT\u00c9 ET PARAJUDO"},"content":{"rendered":"<h2><img loading=\"lazy\" decoding=\"async\" class=\"alignright wp-image-2578\" src=\"http:\/\/www.dojo-anshin-arts-martiaux.org\/wordpress\/wp-content\/uploads\/2018\/08\/judocap.jpg\" alt=\"Judo adapt\u00e9s pour autistes\" width=\"219\" height=\"327\" srcset=\"http:\/\/www.dojo-anshin-arts-martiaux.org\/wordpress\/wp-content\/uploads\/2018\/08\/judocap.jpg 368w, http:\/\/www.dojo-anshin-arts-martiaux.org\/wordpress\/wp-content\/uploads\/2018\/08\/judocap-201x300.jpg 201w\" sizes=\"auto, (max-width: 219px) 100vw, 219px\" \/>Sport pour autistes et handicap\u00e9s mentaux \u00e0 Lyon<\/h2>\n<p>Nouveau! Vous recherchez une activit\u00e9 sportive pour votre enfant porteur d&rsquo;autisme ou de handicap mental sur Lyon?<\/p>\n<p>Le Dojo Anshin propose des cours de Judo adapt\u00e9 pour enfants ou adultes<\/p>\n<p>C&rsquo;est notre cours Judo&rsquo;cap. Des cours adapt\u00e9s pour que chaque enfant puisse s&rsquo;\u00e9panouir dans une pratique sportive, et progresser \u00e0 son rythme.<\/p>\n<h3>Le Judo pour tous, pour que chacun pratique un sport<\/h3>\n<p>Le but ne sera pas de pratiquer le combat, mais d&rsquo;autres aspects essentiels&nbsp; de ce sport, \u00e0 travers une approche ludique:<\/p>\n<ul>\n<li>Le contr\u00f4le de soi.<\/li>\n<li>La ma\u00eetrise de l&rsquo;espace et de son corps.<\/li>\n<li>Le rapport aux autres.<\/li>\n<\/ul>\n<h3>Cours de Judo pour autistes: l&rsquo;\u00e9quipe<\/h3>\n<ul>\n<li>Fanny Jambon-Rieu, ceinture noire 2\u00e8me Dan et Pr\u00e9sidente du club, 14 ans d&rsquo;exp\u00e9rience en tant qu&rsquo;institutrice en CLIS et classes adapt\u00e9es.<\/li>\n<li>Andr\u00e9 Sarcey, ceinture noire de Judo, Jujitsu et Karat\u00e9, ancien p\u00e9dopsychiatre, m\u00e9decin retrait\u00e9<\/li>\n<\/ul>\n<h3>Comment seront organis\u00e9s les cours de Judo adapt\u00e9s?<\/h3>\n<p><strong>La pr\u00e9sence d&rsquo;un parent ou d&rsquo;un accompagnateur sera n\u00e9cessaire en fonction du niveau et de l&rsquo;autonomie<\/strong>. Notre approche sera bas\u00e9e avant tout sur le jeu, la motricit\u00e9, le tout dans la bonne humeur!<\/p>\n<p>Pour tout renseignement, appelez Fanny au&nbsp;<strong>06 84 52 68 21<\/strong> elle sera ravie de r\u00e9pondre \u00e0 vos questions.<\/p>\n<p><em>Cliquez ici pour t\u00e9l\u00e9charger et imprimer la plaquette de pr\u00e9sentation de ce cours:<\/em><\/p>\n<p>[wpdm_package id=&rsquo;2664&prime;]<\/p>\n<p>&nbsp;<\/p>\n\n\n<h2 class=\"wp-block-heading\">PARAJUDO : cours pour d\u00e9ficients visuels<\/h2>\n\n\n\n<p>Depuis 2022, le club propose des cours pour les personnes d\u00e9ficientes visuelles.<\/p>\n\n\n\n<p>Renseignements aupr\u00e8s de Fanny<\/p>\n\n\n\n<h3 class=\"wp-block-heading\">Le Judo pour tous, pour que chacun pratique un sport<\/h3>\n\n\n\n<p>Le but sera de d\u00e9couvrir tous les aspects de la discipline : judo, jujitsu traditionnel, self d\u00e9fense<\/p>\n\n\n\n<ul class=\"wp-block-list\">\n<li>Le contr\u00f4le de soi.<\/li>\n\n\n\n<li>La ma\u00eetrise de l&rsquo;espace et de son corps.<\/li>\n\n\n\n<li>La confiance en soi<\/li>\n\n\n\n<li><\/li>\n<\/ul>\n","protected":false},"excerpt":{"rendered":"<p>Sport pour autistes et handicap\u00e9s mentaux \u00e0 Lyon Nouveau! Vous recherchez une activit\u00e9 sportive pour votre enfant porteur d&rsquo;autisme ou de handicap mental sur Lyon? Le Dojo Anshin propose des cours de Judo adapt\u00e9 pour enfants ou adultes C&rsquo;est notre cours Judo&rsquo;cap. Des cours adapt\u00e9s pour que chaque enfant puisse s&rsquo;\u00e9panouir dans une pratique sportive, [&hellip;]<\/p>\n","protected":false},"author":6,"featured_media":0,"parent":0,"menu_order":0,"comment_status":"closed","ping_status":"closed","template":"","meta":{"ngg_post_thumbnail":0,"footnotes":""},"class_list":["post-2574","page","type-page","status-publish","hentry"],"_links":{"self":[{"href":"http:\/\/www.dojo-anshin-arts-martiaux.org\/wordpress\/wp-json\/wp\/v2\/pages\/2574","targetHints":{"allow":["GET"]}}],"collection":[{"href":"http:\/\/www.dojo-anshin-arts-martiaux.org\/wordpress\/wp-json\/wp\/v2\/pages"}],"about":[{"href":"http:\/\/www.dojo-anshin-arts-martiaux.org\/wordpress\/wp-json\/wp\/v2\/types\/page"}],"author":[{"embeddable":true,"href":"http:\/\/www.dojo-anshin-arts-martiaux.org\/wordpress\/wp-json\/wp\/v2\/users\/6"}],"replies":[{"embeddable":true,"href":"http:\/\/www.dojo-anshin-arts-martiaux.org\/wordpress\/wp-json\/wp\/v2\/comments?post=2574"}],"version-history":[{"count":16,"href":"http:\/\/www.dojo-anshin-arts-martiaux.org\/wordpress\/wp-json\/wp\/v2\/pages\/2574\/revisions"}],"predecessor-version":[{"id":3700,"href":"http:\/\/www.dojo-anshin-arts-martiaux.org\/wordpress\/wp-json\/wp\/v2\/pages\/2574\/revisions\/3700"}],"wp:attachment":[{"href":"http:\/\/www.dojo-anshin-arts-martiaux.org\/wordpress\/wp-json\/wp\/v2\/media?parent=2574"}],"curies":[{"name":"wp","href":"https:\/\/api.w.org\/{rel}","templated":true}]}}