{"id":2592,"date":"2018-08-09T17:39:49","date_gmt":"2018-08-09T15:39:49","guid":{"rendered":"http:\/\/www.dojo-anshin-arts-martiaux.org\/wordpress\/?page_id=2592"},"modified":"2023-08-15T14:34:18","modified_gmt":"2023-08-15T12:34:18","slug":"cours-enfants-ados-adultes","status":"publish","type":"page","link":"http:\/\/www.dojo-anshin-arts-martiaux.org\/wordpress\/cours-enfants-ados-adultes\/","title":{"rendered":"Cours de Judo et Jujitsu enfants, ados, adultes, tous niveaux"},"content":{"rendered":"<p>Nous accueillons les enfants d\u00e8s 4 ans (en Judo), et nos jeunes les plus engag\u00e9s font partie de <a href=\"http:\/\/www.dojo-anshin-arts-martiaux.org\/wordpress\/pole-competition\/\" target=\"_blank\" rel=\"noopener\">notre p\u00f4le comp\u00e9tition.<\/a><\/p>\n<p><strong>Mais le Judo et le Jujitsu peuvent \u00eatre pratiqu\u00e9s \u00e0 tout \u00e2ge!<\/strong><\/p>\n<h2>Cours de Judo et de Jujitsu pour adultes, tout niveaux, sur Lyon<\/h2>\n<p>Nous avons donc des s\u00e9ances d\u00e9di\u00e9es aux plus de trente ans, de tous niveaux. Chaque ann\u00e9e, nous accueillons avec plaisir des adultes ceintures blanches, et croyez-nous, ces personnes deviennent rapidement mordues.<\/p>\n<p>Nous mettons un point d&rsquo;honneur \u00e0 ce que chacun trouve sa place, dans une ambiance d\u00e9tendue.<\/p>\n<p>Si vous cherchez \u00e0 d\u00e9velopper votre physique, \u00e0 apprendre un sport qui&nbsp; serve aussi \u00e0 vous d\u00e9fendre, \u00e0 d\u00e9couvrir les arts martiaux, vous \u00eates les bienvenus!<\/p>\n<p>Quel que soit votre niveau, de la ceinture blanche \u00e0 la ceinture noire, vous serez accueillis avec le sourire, dans le respect des valeurs du Judo.<\/p>\n<p><a href=\"http:\/\/www.dojo-anshin-arts-martiaux.org\/wordpress\/cours-tarifs\/\" target=\"_blank\" rel=\"noopener\">Cliquez ici pour d\u00e9couvrir tous nos cours, d\u00e8s 4 ans!<\/a><\/p>\n<h3>Profitez de votre cours d&rsquo;essai offert. Venez en simple tenue de sport, et nous vous accueillerons avec plaisir!<\/h3>\n<h3>Prenez RDV par t\u00e9l\u00e9phone au 06-84-52-68-21<\/h3>\n<p>(voir <a href=\"http:\/\/www.dojo-anshin-arts-martiaux.org\/wordpress\/cours-tarifs\/\">les horaires de votre tranche d&rsquo;\u00e2ge ici)<\/a><\/p>\n<p><img loading=\"lazy\" decoding=\"async\" class=\"aligncenter size-full wp-image-2433\" src=\"http:\/\/www.dojo-anshin-arts-martiaux.org\/wordpress\/wp-content\/uploads\/2018\/05\/DSC_0076.jpg\" alt=\"\" width=\"6000\" height=\"4000\" srcset=\"http:\/\/www.dojo-anshin-arts-martiaux.org\/wordpress\/wp-content\/uploads\/2018\/05\/DSC_0076.jpg 6000w, http:\/\/www.dojo-anshin-arts-martiaux.org\/wordpress\/wp-content\/uploads\/2018\/05\/DSC_0076-300x200.jpg 300w, http:\/\/www.dojo-anshin-arts-martiaux.org\/wordpress\/wp-content\/uploads\/2018\/05\/DSC_0076-768x512.jpg 768w, http:\/\/www.dojo-anshin-arts-martiaux.org\/wordpress\/wp-content\/uploads\/2018\/05\/DSC_0076-1024x683.jpg 1024w\" sizes=\"auto, (max-width: 6000px) 100vw, 6000px\" \/><\/p>\n<p><img loading=\"lazy\" decoding=\"async\" class=\"aligncenter size-full wp-image-2488\" src=\"http:\/\/www.dojo-anshin-arts-martiaux.org\/wordpress\/wp-content\/uploads\/2018\/06\/DSC_0130.jpg\" alt=\"\" width=\"6000\" height=\"4000\" srcset=\"http:\/\/www.dojo-anshin-arts-martiaux.org\/wordpress\/wp-content\/uploads\/2018\/06\/DSC_0130.jpg 6000w, http:\/\/www.dojo-anshin-arts-martiaux.org\/wordpress\/wp-content\/uploads\/2018\/06\/DSC_0130-300x200.jpg 300w, http:\/\/www.dojo-anshin-arts-martiaux.org\/wordpress\/wp-content\/uploads\/2018\/06\/DSC_0130-768x512.jpg 768w, http:\/\/www.dojo-anshin-arts-martiaux.org\/wordpress\/wp-content\/uploads\/2018\/06\/DSC_0130-1024x683.jpg 1024w\" sizes=\"auto, (max-width: 6000px) 100vw, 6000px\" \/><\/p>\n<p><img loading=\"lazy\" decoding=\"async\" class=\"aligncenter size-full wp-image-2435\" src=\"http:\/\/www.dojo-anshin-arts-martiaux.org\/wordpress\/wp-content\/uploads\/2018\/05\/DSC_0097.jpg\" alt=\"\" width=\"6000\" height=\"4000\" srcset=\"http:\/\/www.dojo-anshin-arts-martiaux.org\/wordpress\/wp-content\/uploads\/2018\/05\/DSC_0097.jpg 6000w, http:\/\/www.dojo-anshin-arts-martiaux.org\/wordpress\/wp-content\/uploads\/2018\/05\/DSC_0097-300x200.jpg 300w, http:\/\/www.dojo-anshin-arts-martiaux.org\/wordpress\/wp-content\/uploads\/2018\/05\/DSC_0097-768x512.jpg 768w, http:\/\/www.dojo-anshin-arts-martiaux.org\/wordpress\/wp-content\/uploads\/2018\/05\/DSC_0097-1024x683.jpg 1024w\" sizes=\"auto, (max-width: 6000px) 100vw, 6000px\" \/><\/p>\n","protected":false},"excerpt":{"rendered":"<p>Nous accueillons les enfants d\u00e8s 4 ans (en Judo), et nos jeunes les plus engag\u00e9s font partie de notre p\u00f4le comp\u00e9tition. Mais le Judo et le Jujitsu peuvent \u00eatre pratiqu\u00e9s \u00e0 tout \u00e2ge! Cours de Judo et de Jujitsu pour adultes, tout niveaux, sur Lyon Nous avons donc des s\u00e9ances d\u00e9di\u00e9es aux plus de trente [&hellip;]<\/p>\n","protected":false},"author":6,"featured_media":0,"parent":0,"menu_order":0,"comment_status":"closed","ping_status":"closed","template":"","meta":{"ngg_post_thumbnail":0,"footnotes":""},"class_list":["post-2592","page","type-page","status-publish","hentry"],"_links":{"self":[{"href":"http:\/\/www.dojo-anshin-arts-martiaux.org\/wordpress\/wp-json\/wp\/v2\/pages\/2592","targetHints":{"allow":["GET"]}}],"collection":[{"href":"http:\/\/www.dojo-anshin-arts-martiaux.org\/wordpress\/wp-json\/wp\/v2\/pages"}],"about":[{"href":"http:\/\/www.dojo-anshin-arts-martiaux.org\/wordpress\/wp-json\/wp\/v2\/types\/page"}],"author":[{"embeddable":true,"href":"http:\/\/www.dojo-anshin-arts-martiaux.org\/wordpress\/wp-json\/wp\/v2\/users\/6"}],"replies":[{"embeddable":true,"href":"http:\/\/www.dojo-anshin-arts-martiaux.org\/wordpress\/wp-json\/wp\/v2\/comments?post=2592"}],"version-history":[{"count":19,"href":"http:\/\/www.dojo-anshin-arts-martiaux.org\/wordpress\/wp-json\/wp\/v2\/pages\/2592\/revisions"}],"predecessor-version":[{"id":3474,"href":"http:\/\/www.dojo-anshin-arts-martiaux.org\/wordpress\/wp-json\/wp\/v2\/pages\/2592\/revisions\/3474"}],"wp:attachment":[{"href":"http:\/\/www.dojo-anshin-arts-martiaux.org\/wordpress\/wp-json\/wp\/v2\/media?parent=2592"}],"curies":[{"name":"wp","href":"https:\/\/api.w.org\/{rel}","templated":true}]}}