{"id":2684,"date":"2018-08-25T18:18:01","date_gmt":"2018-08-25T16:18:01","guid":{"rendered":"http:\/\/www.dojo-anshin-arts-martiaux.org\/wordpress\/?page_id=2684"},"modified":"2025-07-04T12:06:03","modified_gmt":"2025-07-04T10:06:03","slug":"documents-inscriptions-a-telecharger","status":"publish","type":"page","link":"http:\/\/www.dojo-anshin-arts-martiaux.org\/wordpress\/documents-inscriptions-a-telecharger\/","title":{"rendered":"DOCUMENTS INSCRIPTIONS"},"content":{"rendered":"<p>&nbsp;<\/p>\n<p>Les inscriptions en ligne sont ouvertes !<\/p>\n<p><a href=\"https:\/\/dojoanshin.monclub.app\/subscription\">INSCRIPTIONS EN LIGNE ICI<\/a><\/p>\n<p><a href=\"http:\/\/www.dojo-anshin-arts-martiaux.org\/wordpress\/cours-tarifs\/\">Consultez les tarifs ici<\/a><\/p>\n<p>Nous rappelons que les r\u00e8glements possibles sont par ch\u00e8ques, tickets sports et ch\u00e8ques vacances ou par carte bancaire ou virement<\/p>\n<p>Pour ceux qui ont d\u00e9j\u00e0 donn\u00e9 un certificat m\u00e9dical l&rsquo;ann\u00e9e pr\u00e9c\u00e9dente, remplir le QS-SPORT et nous donner ou nous envoyer par mail <em><strong>UNIQUEMENT l&rsquo;attestation QS-SPORT<\/strong><\/em><\/p>\n<p><strong>RAPPEL : le certificat m\u00e9dical n&rsquo;est plus obligatoire pour les mineurs mais vous devez nous fournir L&rsquo;ATTESTATION QS SPORT (pas le questionnaire qui est uniquement pour vous et le m\u00e9decin si besoin)<\/strong><\/p>\n<p><a href=\"http:\/\/www.dojo-anshin-arts-martiaux.org\/wordpress\/wp-content\/uploads\/2021\/06\/ATTESTATION_QS_sportif_majeur.pdf\">ATTESTATION_QS_sportif_majeur<\/a><\/p>\n<p><a href=\"http:\/\/www.dojo-anshin-arts-martiaux.org\/wordpress\/wp-content\/uploads\/2021\/06\/ATTESTATION_QS_sportif_mineur.pdf\">ATTESTATION_QS_sportif_mineur<\/a><\/p>\n<p><a href=\"http:\/\/www.dojo-anshin-arts-martiaux.org\/wordpress\/wp-content\/uploads\/2021\/06\/QS-SPORT_sportif_majeur.pdf\">QS-SPORT_sportif_majeur<\/a><\/p>\n<p><a href=\"http:\/\/www.dojo-anshin-arts-martiaux.org\/wordpress\/wp-content\/uploads\/2021\/06\/QS-SPORT_sportif_mineur.pdf\">QS-SPORT_sportif_mineur<\/a><\/p>\n<p>Ci-dessous le r\u00e8glement int\u00e9rieur du dojo :<\/p>\n<p><a href=\"http:\/\/www.dojo-anshin-arts-martiaux.org\/wordpress\/wp-content\/uploads\/2021\/06\/R\u00e8glement-int\u00e9rieur-DAAM-2021_06_21.pdf\">R\u00e8glement int\u00e9rieur DAAM 2021_06_21<\/a><\/p>\n<p><span style=\"color: #ff0000;\"><strong>OBLIGATOIRE : FAIRE LA DEMANDE DE LICENCE EN LIGNE&nbsp; :<\/strong><\/span><\/p>\n<p>La licence FFJDA (F\u00e9d\u00e9ration Fran\u00e7aise de Judo et Disciplines Associ\u00e9es) est une assurance sportive. <strong>La licence est obligatoire<\/strong>. La gestion de votre licence se fait en ligne sur le site de la FFJDA.<\/p>\n<p>Vous devez :<\/p>\n<ul>\n<li>soit <a href=\"https:\/\/moncompte.ffjudo.com\/prise-licence\">cr\u00e9er votre licence<\/a> (premi\u00e8re ann\u00e9e)<\/li>\n<li>soit <a href=\"https:\/\/moncompte.ffjudo.com\/prise-licence\">renouveler votre licence<\/a><\/li>\n<\/ul>\n<p>Lors de la commande de votre licence, vous n\u2019avez rien \u00e0 r\u00e9gler. Le montant de votre licence (46 Euros pour la saison 2025-2026) est compris dans votre cotisation annuelle, assurance comprise. C\u2019est le club qui reverse ensuite le montant de votre licence \u00e0 la FFJDA.<\/p>\n<p>A la fin de la proc\u00e9dure, votre licence est d\u00e9pos\u00e9e dans le panier du club. La commande de votre licence est d\u00e9finitive lorsque le club aura valid\u00e9 votre licence.<\/p>\n<p><em><strong><span style=\"color: #ff0000;\">CODE PASS&rsquo;SPORT<\/span><\/strong><\/em><\/p>\n<p>Si vous b\u00e9n\u00e9ficiez d&rsquo;un code Pass&rsquo;Sport, vous avez re\u00e7u un mail du gouvernement vous indiquant que vous \u00eates \u00e9ligible et avec un code. Cette feuille doit&nbsp; nous \u00eatre transmise :<\/p>\n<ul>\n<li>soit en main propre avec le dossier<\/li>\n<li>soit PAR MAIL : dojoanshin.artsmartiaux@gmail.com<\/li>\n<\/ul>\n\n\n<p><\/p>\n","protected":false},"excerpt":{"rendered":"<p>&nbsp; Les inscriptions en ligne sont ouvertes ! INSCRIPTIONS EN LIGNE ICI Consultez les tarifs ici Nous rappelons que les r\u00e8glements possibles sont par ch\u00e8ques, tickets sports et ch\u00e8ques vacances ou par carte bancaire ou virement Pour ceux qui ont d\u00e9j\u00e0 donn\u00e9 un certificat m\u00e9dical l&rsquo;ann\u00e9e pr\u00e9c\u00e9dente, remplir le QS-SPORT et nous donner ou nous [&hellip;]<\/p>\n","protected":false},"author":5,"featured_media":0,"parent":0,"menu_order":0,"comment_status":"closed","ping_status":"closed","template":"","meta":{"ngg_post_thumbnail":0,"footnotes":""},"class_list":["post-2684","page","type-page","status-publish","hentry"],"_links":{"self":[{"href":"http:\/\/www.dojo-anshin-arts-martiaux.org\/wordpress\/wp-json\/wp\/v2\/pages\/2684","targetHints":{"allow":["GET"]}}],"collection":[{"href":"http:\/\/www.dojo-anshin-arts-martiaux.org\/wordpress\/wp-json\/wp\/v2\/pages"}],"about":[{"href":"http:\/\/www.dojo-anshin-arts-martiaux.org\/wordpress\/wp-json\/wp\/v2\/types\/page"}],"author":[{"embeddable":true,"href":"http:\/\/www.dojo-anshin-arts-martiaux.org\/wordpress\/wp-json\/wp\/v2\/users\/5"}],"replies":[{"embeddable":true,"href":"http:\/\/www.dojo-anshin-arts-martiaux.org\/wordpress\/wp-json\/wp\/v2\/comments?post=2684"}],"version-history":[{"count":29,"href":"http:\/\/www.dojo-anshin-arts-martiaux.org\/wordpress\/wp-json\/wp\/v2\/pages\/2684\/revisions"}],"predecessor-version":[{"id":3698,"href":"http:\/\/www.dojo-anshin-arts-martiaux.org\/wordpress\/wp-json\/wp\/v2\/pages\/2684\/revisions\/3698"}],"wp:attachment":[{"href":"http:\/\/www.dojo-anshin-arts-martiaux.org\/wordpress\/wp-json\/wp\/v2\/media?parent=2684"}],"curies":[{"name":"wp","href":"https:\/\/api.w.org\/{rel}","templated":true}]}}